{"id":96411,"date":"2025-04-08T09:05:25","date_gmt":"2025-04-08T07:05:25","guid":{"rendered":"https:\/\/lacividina.com\/?post_type=product&#038;p=96411"},"modified":"2025-09-24T15:14:12","modified_gmt":"2025-09-24T13:14:12","slug":"acamante-canape-copia","status":"publish","type":"product","link":"https:\/\/lacividina.com\/fr\/produit\/acamante-canape-copia\/","title":{"rendered":"Acamante, canap\u00e9 modulaire"},"excerpt":{"rendered":"<p>La collection Acamante explore les possibilit\u00e9s de composition de formes et de volumes g\u00e9om\u00e9triques \u00e9l\u00e9mentaires, qui permettent de donner vie \u00e0 une infinit\u00e9 de solutions. Ses modules carr\u00e9s et rectangulaires sont constitu\u00e9s d\u2019une base \u00e9pur\u00e9e, en version rev\u00eatue ou laqu\u00e9e, de dossiers et d\u2019accoudoirs r\u00e9alis\u00e9s en superposant des coussins \u00e0 la forme plate. Le minimalisme [&hellip;]<\/p>\n","protected":false},"featured_media":96420,"comment_status":"open","ping_status":"closed","template":"","meta":{"inline_featured_image":false},"product_brand":[],"product_cat":[246],"product_tag":[],"class_list":{"0":"post-96411","1":"product","2":"type-product","3":"status-publish","4":"has-post-thumbnail","6":"product_cat-canapes-modulaires","8":"first","9":"instock","10":"shipping-taxable","11":"product-type-simple"},"acf":[],"_links":{"self":[{"href":"https:\/\/lacividina.com\/fr\/wp-json\/wp\/v2\/product\/96411","targetHints":{"allow":["GET"]}}],"collection":[{"href":"https:\/\/lacividina.com\/fr\/wp-json\/wp\/v2\/product"}],"about":[{"href":"https:\/\/lacividina.com\/fr\/wp-json\/wp\/v2\/types\/product"}],"replies":[{"embeddable":true,"href":"https:\/\/lacividina.com\/fr\/wp-json\/wp\/v2\/comments?post=96411"}],"version-history":[{"count":2,"href":"https:\/\/lacividina.com\/fr\/wp-json\/wp\/v2\/product\/96411\/revisions"}],"predecessor-version":[{"id":109060,"href":"https:\/\/lacividina.com\/fr\/wp-json\/wp\/v2\/product\/96411\/revisions\/109060"}],"wp:featuredmedia":[{"embeddable":true,"href":"https:\/\/lacividina.com\/fr\/wp-json\/wp\/v2\/media\/96420"}],"wp:attachment":[{"href":"https:\/\/lacividina.com\/fr\/wp-json\/wp\/v2\/media?parent=96411"}],"wp:term":[{"taxonomy":"product_brand","embeddable":true,"href":"https:\/\/lacividina.com\/fr\/wp-json\/wp\/v2\/product_brand?post=96411"},{"taxonomy":"product_cat","embeddable":true,"href":"https:\/\/lacividina.com\/fr\/wp-json\/wp\/v2\/product_cat?post=96411"},{"taxonomy":"product_tag","embeddable":true,"href":"https:\/\/lacividina.com\/fr\/wp-json\/wp\/v2\/product_tag?post=96411"}],"curies":[{"name":"wp","href":"https:\/\/api.w.org\/{rel}","templated":true}]}}