{"id":96249,"date":"2025-04-07T15:37:06","date_gmt":"2025-04-07T13:37:06","guid":{"rendered":"https:\/\/lacividina.com\/?post_type=product&#038;p=96249"},"modified":"2025-04-07T16:15:59","modified_gmt":"2025-04-07T14:15:59","slug":"nhoto-canape-copia","status":"publish","type":"product","link":"https:\/\/lacividina.com\/fr\/produit\/nhoto-canape-copia\/","title":{"rendered":"Nhoto, fauteuil"},"excerpt":{"rendered":"<p>La collection Nhoto allie une modularit\u00e9 flexible \u00e0 une intense sensation de confort et de protection, gr\u00e2ce au rembourrage g\u00e9n\u00e9reux et aux accoudoirs aussi enveloppants qu\u2019une \u00e9treinte. Les coutures passepoil\u00e9es, qui dessinent des lignes douces en relief, conf\u00e8rent une touche de personnalit\u00e9 dans le style et de personnalisation dans la r\u00e9alisation. La polyvalence de sa [&hellip;]<\/p>\n","protected":false},"featured_media":95961,"comment_status":"open","ping_status":"closed","template":"","meta":{"inline_featured_image":false},"product_brand":[],"product_cat":[257],"product_tag":[],"class_list":{"0":"post-96249","1":"product","2":"type-product","3":"status-publish","4":"has-post-thumbnail","6":"product_cat-fauteuils","8":"first","9":"instock","10":"shipping-taxable","11":"product-type-simple"},"acf":[],"_links":{"self":[{"href":"https:\/\/lacividina.com\/fr\/wp-json\/wp\/v2\/product\/96249","targetHints":{"allow":["GET"]}}],"collection":[{"href":"https:\/\/lacividina.com\/fr\/wp-json\/wp\/v2\/product"}],"about":[{"href":"https:\/\/lacividina.com\/fr\/wp-json\/wp\/v2\/types\/product"}],"replies":[{"embeddable":true,"href":"https:\/\/lacividina.com\/fr\/wp-json\/wp\/v2\/comments?post=96249"}],"version-history":[{"count":1,"href":"https:\/\/lacividina.com\/fr\/wp-json\/wp\/v2\/product\/96249\/revisions"}],"predecessor-version":[{"id":96273,"href":"https:\/\/lacividina.com\/fr\/wp-json\/wp\/v2\/product\/96249\/revisions\/96273"}],"wp:featuredmedia":[{"embeddable":true,"href":"https:\/\/lacividina.com\/fr\/wp-json\/wp\/v2\/media\/95961"}],"wp:attachment":[{"href":"https:\/\/lacividina.com\/fr\/wp-json\/wp\/v2\/media?parent=96249"}],"wp:term":[{"taxonomy":"product_brand","embeddable":true,"href":"https:\/\/lacividina.com\/fr\/wp-json\/wp\/v2\/product_brand?post=96249"},{"taxonomy":"product_cat","embeddable":true,"href":"https:\/\/lacividina.com\/fr\/wp-json\/wp\/v2\/product_cat?post=96249"},{"taxonomy":"product_tag","embeddable":true,"href":"https:\/\/lacividina.com\/fr\/wp-json\/wp\/v2\/product_tag?post=96249"}],"curies":[{"name":"wp","href":"https:\/\/api.w.org\/{rel}","templated":true}]}}