{"id":95545,"date":"2025-04-05T16:37:52","date_gmt":"2025-04-05T14:37:52","guid":{"rendered":"https:\/\/lacividina.com\/?post_type=product&#038;p=95545"},"modified":"2025-04-07T12:17:54","modified_gmt":"2025-04-07T10:17:54","slug":"fourfolds","status":"publish","type":"product","link":"https:\/\/lacividina.com\/fr\/produit\/fourfolds\/","title":{"rendered":"FourFolds"},"excerpt":{"rendered":"<p>Le ch\u00e2ssis tubulaire courb\u00e9 de FourFolds cr\u00e9e un jeu de surfaces et d\u2019angles, qui donne naissance \u00e0 un fauteuil \u00e0 la fois \u00e9pur\u00e9 et accueillant. La m\u00eame technique est utilis\u00e9e pour r\u00e9aliser un pouf qui peut se ranger sous l\u2019assise, ou servir de repose-pieds ou de si\u00e8ge d\u2019appoint, et qui rend le fauteuil encore plus [&hellip;]<\/p>\n","protected":false},"featured_media":95506,"comment_status":"open","ping_status":"closed","template":"","meta":{"inline_featured_image":false},"product_brand":[],"product_cat":[257],"product_tag":[],"class_list":{"0":"post-95545","1":"product","2":"type-product","3":"status-publish","4":"has-post-thumbnail","6":"product_cat-fauteuils","8":"first","9":"instock","10":"shipping-taxable","11":"product-type-simple"},"acf":[],"_links":{"self":[{"href":"https:\/\/lacividina.com\/fr\/wp-json\/wp\/v2\/product\/95545","targetHints":{"allow":["GET"]}}],"collection":[{"href":"https:\/\/lacividina.com\/fr\/wp-json\/wp\/v2\/product"}],"about":[{"href":"https:\/\/lacividina.com\/fr\/wp-json\/wp\/v2\/types\/product"}],"replies":[{"embeddable":true,"href":"https:\/\/lacividina.com\/fr\/wp-json\/wp\/v2\/comments?post=95545"}],"version-history":[{"count":3,"href":"https:\/\/lacividina.com\/fr\/wp-json\/wp\/v2\/product\/95545\/revisions"}],"predecessor-version":[{"id":96052,"href":"https:\/\/lacividina.com\/fr\/wp-json\/wp\/v2\/product\/95545\/revisions\/96052"}],"wp:featuredmedia":[{"embeddable":true,"href":"https:\/\/lacividina.com\/fr\/wp-json\/wp\/v2\/media\/95506"}],"wp:attachment":[{"href":"https:\/\/lacividina.com\/fr\/wp-json\/wp\/v2\/media?parent=95545"}],"wp:term":[{"taxonomy":"product_brand","embeddable":true,"href":"https:\/\/lacividina.com\/fr\/wp-json\/wp\/v2\/product_brand?post=95545"},{"taxonomy":"product_cat","embeddable":true,"href":"https:\/\/lacividina.com\/fr\/wp-json\/wp\/v2\/product_cat?post=95545"},{"taxonomy":"product_tag","embeddable":true,"href":"https:\/\/lacividina.com\/fr\/wp-json\/wp\/v2\/product_tag?post=95545"}],"curies":[{"name":"wp","href":"https:\/\/api.w.org\/{rel}","templated":true}]}}