{"id":95372,"date":"2025-04-05T10:11:14","date_gmt":"2025-04-05T08:11:14","guid":{"rendered":"https:\/\/lacividina.com\/?post_type=product&#038;p=95372"},"modified":"2025-04-07T12:19:00","modified_gmt":"2025-04-07T10:19:00","slug":"niby-table-basse","status":"publish","type":"product","link":"https:\/\/lacividina.com\/fr\/produit\/niby-table-basse\/","title":{"rendered":"Niby, table basse"},"excerpt":{"rendered":"<p>Avec la collection Niby, laCividina pr\u00e9sente son premier produit enti\u00e8rement r\u00e9alis\u00e9 en verre : un projet cr\u00e9\u00e9 \u00e0 partir d\u2019une simple composition de g\u00e9om\u00e9tries planes. C\u2019est ainsi que prennent forme une table basse et une table de service, dans les tons gris ou marron. Deux \u00e9l\u00e9ments au charme extr\u00eamement \u00e9pur\u00e9, qui offrent de multiples combinaisons [&hellip;]<\/p>\n","protected":false},"featured_media":95432,"comment_status":"open","ping_status":"closed","template":"","meta":{"inline_featured_image":false},"product_brand":[],"product_cat":[265],"product_tag":[],"class_list":{"0":"post-95372","1":"product","2":"type-product","3":"status-publish","4":"has-post-thumbnail","6":"product_cat-tables-basses","8":"first","9":"instock","10":"shipping-taxable","11":"product-type-simple"},"acf":[],"_links":{"self":[{"href":"https:\/\/lacividina.com\/fr\/wp-json\/wp\/v2\/product\/95372","targetHints":{"allow":["GET"]}}],"collection":[{"href":"https:\/\/lacividina.com\/fr\/wp-json\/wp\/v2\/product"}],"about":[{"href":"https:\/\/lacividina.com\/fr\/wp-json\/wp\/v2\/types\/product"}],"replies":[{"embeddable":true,"href":"https:\/\/lacividina.com\/fr\/wp-json\/wp\/v2\/comments?post=95372"}],"version-history":[{"count":2,"href":"https:\/\/lacividina.com\/fr\/wp-json\/wp\/v2\/product\/95372\/revisions"}],"predecessor-version":[{"id":95425,"href":"https:\/\/lacividina.com\/fr\/wp-json\/wp\/v2\/product\/95372\/revisions\/95425"}],"wp:featuredmedia":[{"embeddable":true,"href":"https:\/\/lacividina.com\/fr\/wp-json\/wp\/v2\/media\/95432"}],"wp:attachment":[{"href":"https:\/\/lacividina.com\/fr\/wp-json\/wp\/v2\/media?parent=95372"}],"wp:term":[{"taxonomy":"product_brand","embeddable":true,"href":"https:\/\/lacividina.com\/fr\/wp-json\/wp\/v2\/product_brand?post=95372"},{"taxonomy":"product_cat","embeddable":true,"href":"https:\/\/lacividina.com\/fr\/wp-json\/wp\/v2\/product_cat?post=95372"},{"taxonomy":"product_tag","embeddable":true,"href":"https:\/\/lacividina.com\/fr\/wp-json\/wp\/v2\/product_tag?post=95372"}],"curies":[{"name":"wp","href":"https:\/\/api.w.org\/{rel}","templated":true}]}}