{"id":91038,"date":"2025-02-03T10:37:40","date_gmt":"2025-02-03T09:37:40","guid":{"rendered":"https:\/\/lacividina.com\/?post_type=product&#038;p=91038"},"modified":"2025-02-06T09:31:32","modified_gmt":"2025-02-06T08:31:32","slug":"osaka-canape-copia","status":"publish","type":"product","link":"https:\/\/lacividina.com\/fr\/produit\/osaka-canape-copia\/","title":{"rendered":"Osaka Outdoor, canap\u00e9"},"excerpt":{"rendered":"<p>Structure renforc\u00e9e pour une utilisation en espace public Mousse polyur\u00e9thane expans\u00e9 ignifuge Mousse polyur\u00e9thane expans\u00e9 ind\u00e9formable \u00e0 \u00e9paisseurs diff\u00e9renci\u00e9es Coutures renforc\u00e9es de fibre de carbone<\/p>\n","protected":false},"featured_media":96055,"comment_status":"closed","ping_status":"closed","template":"","meta":{"inline_featured_image":false},"product_brand":[],"product_cat":[332],"product_tag":[],"class_list":{"0":"post-91038","1":"product","2":"type-product","3":"status-publish","4":"has-post-thumbnail","6":"product_cat-outdoor-fr","8":"first","9":"instock","10":"product-type-simple"},"acf":[],"_links":{"self":[{"href":"https:\/\/lacividina.com\/fr\/wp-json\/wp\/v2\/product\/91038","targetHints":{"allow":["GET"]}}],"collection":[{"href":"https:\/\/lacividina.com\/fr\/wp-json\/wp\/v2\/product"}],"about":[{"href":"https:\/\/lacividina.com\/fr\/wp-json\/wp\/v2\/types\/product"}],"replies":[{"embeddable":true,"href":"https:\/\/lacividina.com\/fr\/wp-json\/wp\/v2\/comments?post=91038"}],"version-history":[{"count":14,"href":"https:\/\/lacividina.com\/fr\/wp-json\/wp\/v2\/product\/91038\/revisions"}],"predecessor-version":[{"id":91254,"href":"https:\/\/lacividina.com\/fr\/wp-json\/wp\/v2\/product\/91038\/revisions\/91254"}],"wp:featuredmedia":[{"embeddable":true,"href":"https:\/\/lacividina.com\/fr\/wp-json\/wp\/v2\/media\/96055"}],"wp:attachment":[{"href":"https:\/\/lacividina.com\/fr\/wp-json\/wp\/v2\/media?parent=91038"}],"wp:term":[{"taxonomy":"product_brand","embeddable":true,"href":"https:\/\/lacividina.com\/fr\/wp-json\/wp\/v2\/product_brand?post=91038"},{"taxonomy":"product_cat","embeddable":true,"href":"https:\/\/lacividina.com\/fr\/wp-json\/wp\/v2\/product_cat?post=91038"},{"taxonomy":"product_tag","embeddable":true,"href":"https:\/\/lacividina.com\/fr\/wp-json\/wp\/v2\/product_tag?post=91038"}],"curies":[{"name":"wp","href":"https:\/\/api.w.org\/{rel}","templated":true}]}}