{"id":77518,"date":"2024-06-06T16:20:09","date_gmt":"2024-06-06T14:20:09","guid":{"rendered":"http:\/\/lacividina.com\/?post_type=product&#038;p=77518"},"modified":"2025-06-20T16:26:32","modified_gmt":"2025-06-20T14:26:32","slug":"apper-canapes-modulaires","status":"publish","type":"product","link":"https:\/\/lacividina.com\/fr\/produit\/apper-canapes-modulaires\/","title":{"rendered":"Apper, Canap\u00e9s modulaires"},"excerpt":{"rendered":"<p>Apper est un syst\u00e8me modulaire qui permet de donner forme \u00e0 des canap\u00e9s simples et lin\u00e9aires, dot\u00e9s de m\u00e9ridiennes ou en \u00eelots, pouvant m\u00eame atteindre de grandes dimensions. Avec ses formes extr\u00eamement \u00e9pur\u00e9es et ses volumes g\u00e9n\u00e9reux, Apper trouve sa place dans tous les contextes, aussi bien r\u00e9sidentiels que collectifs. Les diff\u00e9rents rev\u00eatements disponibles permettent [&hellip;]<\/p>\n","protected":false},"featured_media":77521,"comment_status":"open","ping_status":"closed","template":"","meta":{"inline_featured_image":false},"product_brand":[],"product_cat":[246],"product_tag":[],"class_list":{"0":"post-77518","1":"product","2":"type-product","3":"status-publish","4":"has-post-thumbnail","6":"product_cat-canapes-modulaires","8":"first","9":"instock","10":"shipping-taxable","11":"product-type-simple"},"acf":[],"_links":{"self":[{"href":"https:\/\/lacividina.com\/fr\/wp-json\/wp\/v2\/product\/77518","targetHints":{"allow":["GET"]}}],"collection":[{"href":"https:\/\/lacividina.com\/fr\/wp-json\/wp\/v2\/product"}],"about":[{"href":"https:\/\/lacividina.com\/fr\/wp-json\/wp\/v2\/types\/product"}],"replies":[{"embeddable":true,"href":"https:\/\/lacividina.com\/fr\/wp-json\/wp\/v2\/comments?post=77518"}],"version-history":[{"count":6,"href":"https:\/\/lacividina.com\/fr\/wp-json\/wp\/v2\/product\/77518\/revisions"}],"predecessor-version":[{"id":105488,"href":"https:\/\/lacividina.com\/fr\/wp-json\/wp\/v2\/product\/77518\/revisions\/105488"}],"wp:featuredmedia":[{"embeddable":true,"href":"https:\/\/lacividina.com\/fr\/wp-json\/wp\/v2\/media\/77521"}],"wp:attachment":[{"href":"https:\/\/lacividina.com\/fr\/wp-json\/wp\/v2\/media?parent=77518"}],"wp:term":[{"taxonomy":"product_brand","embeddable":true,"href":"https:\/\/lacividina.com\/fr\/wp-json\/wp\/v2\/product_brand?post=77518"},{"taxonomy":"product_cat","embeddable":true,"href":"https:\/\/lacividina.com\/fr\/wp-json\/wp\/v2\/product_cat?post=77518"},{"taxonomy":"product_tag","embeddable":true,"href":"https:\/\/lacividina.com\/fr\/wp-json\/wp\/v2\/product_tag?post=77518"}],"curies":[{"name":"wp","href":"https:\/\/api.w.org\/{rel}","templated":true}]}}