{"id":72213,"date":"2024-04-15T06:31:14","date_gmt":"2024-04-15T04:31:14","guid":{"rendered":"http:\/\/lacividina.com\/?post_type=product&#038;p=72213"},"modified":"2024-09-24T12:16:10","modified_gmt":"2024-09-24T10:16:10","slug":"newtime-poltrona","status":"publish","type":"product","link":"https:\/\/lacividina.com\/fr\/produit\/newtime-poltrona\/","title":{"rendered":"Newtime, fauteuil"},"excerpt":{"rendered":"<p>Polyvalente et intemporelle, la gamme Newtime se compose de canap\u00e9s, de banquettes et de fauteuils aux lignes g\u00e9om\u00e9triques mises visuellement en valeur par des pieds fins qui lui conf\u00e8rent beaucoup de personnalit\u00e9. D\u2019une simplicit\u00e9 savamment \u00e9tudi\u00e9e, les meubles Newtime s\u2019int\u00e8grent \u00e0 merveille dans tous les contextes int\u00e9rieurs o\u00f9 ils mat\u00e9rialisent les principes universels d\u2019harmonie, d\u2019\u00e9l\u00e9gance, [&hellip;]<\/p>\n","protected":false},"featured_media":72432,"comment_status":"open","ping_status":"closed","template":"","meta":{"inline_featured_image":false},"product_brand":[],"product_cat":[257],"product_tag":[],"class_list":{"0":"post-72213","1":"product","2":"type-product","3":"status-publish","4":"has-post-thumbnail","6":"product_cat-fauteuils","8":"first","9":"instock","10":"shipping-taxable","11":"product-type-simple"},"acf":[],"_links":{"self":[{"href":"https:\/\/lacividina.com\/fr\/wp-json\/wp\/v2\/product\/72213","targetHints":{"allow":["GET"]}}],"collection":[{"href":"https:\/\/lacividina.com\/fr\/wp-json\/wp\/v2\/product"}],"about":[{"href":"https:\/\/lacividina.com\/fr\/wp-json\/wp\/v2\/types\/product"}],"replies":[{"embeddable":true,"href":"https:\/\/lacividina.com\/fr\/wp-json\/wp\/v2\/comments?post=72213"}],"version-history":[{"count":10,"href":"https:\/\/lacividina.com\/fr\/wp-json\/wp\/v2\/product\/72213\/revisions"}],"predecessor-version":[{"id":76889,"href":"https:\/\/lacividina.com\/fr\/wp-json\/wp\/v2\/product\/72213\/revisions\/76889"}],"wp:featuredmedia":[{"embeddable":true,"href":"https:\/\/lacividina.com\/fr\/wp-json\/wp\/v2\/media\/72432"}],"wp:attachment":[{"href":"https:\/\/lacividina.com\/fr\/wp-json\/wp\/v2\/media?parent=72213"}],"wp:term":[{"taxonomy":"product_brand","embeddable":true,"href":"https:\/\/lacividina.com\/fr\/wp-json\/wp\/v2\/product_brand?post=72213"},{"taxonomy":"product_cat","embeddable":true,"href":"https:\/\/lacividina.com\/fr\/wp-json\/wp\/v2\/product_cat?post=72213"},{"taxonomy":"product_tag","embeddable":true,"href":"https:\/\/lacividina.com\/fr\/wp-json\/wp\/v2\/product_tag?post=72213"}],"curies":[{"name":"wp","href":"https:\/\/api.w.org\/{rel}","templated":true}]}}