{"id":65726,"date":"2022-04-19T12:52:40","date_gmt":"2022-04-19T10:52:40","guid":{"rendered":"http:\/\/lacividina.com\/privacy-policy\/"},"modified":"2024-03-28T11:23:33","modified_gmt":"2024-03-28T10:23:33","slug":"privacy-policy","status":"publish","type":"page","link":"https:\/\/lacividina.com\/fr\/privacy-policy\/","title":{"rendered":"Privacy Policy"},"content":{"rendered":"\t\t<div data-elementor-type=\"wp-page\" data-elementor-id=\"65726\" class=\"elementor elementor-65726 elementor-3\" data-elementor-post-type=\"page\">\n\t\t\t\t\t\t<section class=\"elementor-section elementor-top-section elementor-element elementor-element-3372ee8 elementor-section-full_width elementor-section-height-default elementor-section-height-default\" data-id=\"3372ee8\" data-element_type=\"section\" data-e-type=\"section\">\n\t\t\t\t\t\t<div class=\"elementor-container elementor-column-gap-default\">\n\t\t\t\t\t<div class=\"elementor-column elementor-col-100 elementor-top-column elementor-element elementor-element-b2455ca\" data-id=\"b2455ca\" data-element_type=\"column\" data-e-type=\"column\">\n\t\t\t<div class=\"elementor-widget-wrap elementor-element-populated\">\n\t\t\t\t\t\t<div class=\"elementor-element elementor-element-b06b806 elementor-widget__width-initial elementor-widget elementor-widget-heading\" data-id=\"b06b806\" data-element_type=\"widget\" data-e-type=\"widget\" data-widget_type=\"heading.default\">\n\t\t\t\t<div class=\"elementor-widget-container\">\n\t\t\t\t\t<h4 class=\"elementor-heading-title elementor-size-default\">Soci\u00e9t\u00e9<\/h4>\t\t\t\t<\/div>\n\t\t\t\t<\/div>\n\t\t\t\t<div class=\"elementor-element elementor-element-c025e38 elementor-widget elementor-widget-heading\" data-id=\"c025e38\" data-element_type=\"widget\" data-e-type=\"widget\" data-widget_type=\"heading.default\">\n\t\t\t\t<div class=\"elementor-widget-container\">\n\t\t\t\t\t<h3 class=\"elementor-heading-title elementor-size-default\">Privacy policy<\/h3>\t\t\t\t<\/div>\n\t\t\t\t<\/div>\n\t\t\t\t\t<\/div>\n\t\t<\/div>\n\t\t\t\t\t<\/div>\n\t\t<\/section>\n\t\t\t\t<section class=\"elementor-section elementor-top-section elementor-element elementor-element-b6315a6 elementor-section-full_width elementor-section-height-default elementor-section-height-default\" data-id=\"b6315a6\" data-element_type=\"section\" data-e-type=\"section\">\n\t\t\t\t\t\t<div class=\"elementor-container elementor-column-gap-default\">\n\t\t\t\t\t<div class=\"elementor-column elementor-col-100 elementor-top-column elementor-element elementor-element-be177eb\" data-id=\"be177eb\" data-element_type=\"column\" data-e-type=\"column\">\n\t\t\t<div class=\"elementor-widget-wrap elementor-element-populated\">\n\t\t\t\t\t\t<div class=\"elementor-element elementor-element-a641e8b elementor-widget elementor-widget-text-editor\" data-id=\"a641e8b\" data-element_type=\"widget\" data-e-type=\"widget\" data-widget_type=\"text-editor.default\">\n\t\t\t\t<div class=\"elementor-widget-container\">\n\t\t\t\t\t\t\t\t\t<p><strong>Informations sur le traitement des donn\u00e9es personnelles<\/strong><\/p>\n<p>Conform\u00e9ment \u00e0 l&rsquo;art. 13 du r\u00e8glement (UE) 2016\/679 sur la protection des donn\u00e9es personnelles et en relation avec les donn\u00e9es personnelles fournies, nous pr\u00e9cisons que le traitement de ces donn\u00e9es sera conforme aux principes d&rsquo;exactitude, de l\u00e9galit\u00e9 et de transparence, ainsi qu&rsquo;\u00e0 la protection de la confidentialit\u00e9 et \u00e0 la protection des droits des personnes concern\u00e9es. \u00c0 cet \u00e9gard, nous vous informons de ce qui suit.<\/p>\n<p><strong>a) Responsable du traitement<\/strong><br \/>\nLe responsable du traitement des donn\u00e9es est La Cividina S.r.l. dont le si\u00e8ge social est situ\u00e9 \u00e0 Martignacco Via Cividina.<br \/>\nCoordonn\u00e9es : T. + 39 0432 677433 F. + 39 0432 677480 info@lacividina.com<\/p>\n<p><strong>b) Finalit\u00e9 et base juridique du traitement<\/strong><br \/>\nLe traitement est effectu\u00e9 \u00e0 l&rsquo;aide d&rsquo;outils manuels, informatiques et t\u00e9l\u00e9matiques et vise uniquement \u00e0 envoyer des bulletins d&rsquo;information et commerciaux, des invitations \u00e0 des \u00e9v\u00e9nements ou des offres et des promotions par courrier \u00e9lectronique sur la base de votre inscription et de la fourniture de vos donn\u00e9es.<\/p>\n<p><strong>c) Dur\u00e9e de conservation des donn\u00e9es<\/strong><br \/>\nLes donn\u00e9es personnelles fournies seront conserv\u00e9es pendant la p\u00e9riode n\u00e9cessaire \u00e0 la r\u00e9alisation des objectifs d\u00e9crits ci-dessus et jusqu&rsquo;\u00e0 ce qu&rsquo;elles soient r\u00e9voqu\u00e9es et qu&rsquo;une demande de suppression soit formul\u00e9e.<\/p>\n<p><strong>d) Communication.<\/strong><br \/>\nLes donn\u00e9es trait\u00e9es peuvent \u00eatre communiqu\u00e9es \u00e0 d&rsquo;autres entit\u00e9s aux fins vis\u00e9es au point b). En outre, les donn\u00e9es collect\u00e9es pourront \u00eatre communiqu\u00e9es \u00e0 des entit\u00e9s publiques ou priv\u00e9es pour l&rsquo;accomplissement des obligations pr\u00e9vues par la loi. Les m\u00eames donn\u00e9es ne seront pas diffus\u00e9es ou transf\u00e9r\u00e9es \u00e0 l&rsquo;\u00e9tranger.<\/p>\n<p><strong>e) Obligation de fournir des donn\u00e9es personnelles.<br \/>\n<\/strong>Veuillez noter que la communication de donn\u00e9es personnelles par la S.V. est une condition n\u00e9cessaire \u00e0 l&rsquo;ex\u00e9cution des activit\u00e9s vis\u00e9es au point b).<\/p>\n<p><strong>f) R\u00e9vocation du consentement.<\/strong><br \/>\nVeuillez noter que Y.V. a le droit de r\u00e9voquer son consentement \u00e0 tout moment, sans pr\u00e9judice de la l\u00e9galit\u00e9 du traitement fond\u00e9 sur le consentement donn\u00e9 avant la r\u00e9vocation.<\/p>\n<p><strong>g) Droits de la personne concern\u00e9e.<\/strong><br \/>\nEn ce qui concerne la personne concern\u00e9e par le traitement vis\u00e9 dans la pr\u00e9sente note d&rsquo;information, la S.V. a le droit, \u00e0 tout moment, d&rsquo;exercer les droits suivants :<br \/>\n&#8211; Acc\u00e8s (art. 15 R\u00e8glement UE n\u00b0 2016\/679 ) ;<br \/>\n&#8211; Rectification (art. 16 R\u00e8glement (UE) n\u00b0 2016\/679 ) ;<br \/>\n&#8211; L&rsquo;annulation (art. 17 R\u00e8glement (UE) n. 2016\/679 ) ;<br \/>\n&#8211; Limitation (art. 18 du r\u00e8glement (UE) n\u00b0 2016\/679 ) ;<br \/>\n&#8211; Objection au traitement (art. 21 R\u00e8glement UE n. 2016\/679 ).<\/p>\n<p>Vous pouvez exercer vos droits en adressant une demande \u00e9crite \u00e0 La Cividina S.r.l. dont le si\u00e8ge est \u00e0 Martignacco Via Cividina 176<\/p>\n<p><strong>g) Plainte.<br \/>\n<\/strong>Veuillez noter que, conform\u00e9ment \u00e0 l&rsquo;art. 77 du R\u00e8glement UE n\u00b0 2016\/679, vous pouvez d\u00e9poser une plainte aupr\u00e8s de l&rsquo;Autorit\u00e9 de surveillance en cas de violation de la l\u00e9gislation en vigueur sur la protection des donn\u00e9es personnelles.<\/p>\n<p>Martignacco D\u00e9cembre 2023<\/p>\n\t\t\t\t\t\t\t\t<\/div>\n\t\t\t\t<\/div>\n\t\t\t\t\t<\/div>\n\t\t<\/div>\n\t\t\t\t\t<\/div>\n\t\t<\/section>\n\t\t\t\t<\/div>\n\t\t","protected":false},"excerpt":{"rendered":"<p>Soci\u00e9t\u00e9 Privacy policy Informations sur le traitement des donn\u00e9es personnelles Conform\u00e9ment \u00e0 l&rsquo;art. 13 du r\u00e8glement (UE) 2016\/679 sur la protection des donn\u00e9es personnelles et en relation avec les donn\u00e9es personnelles fournies, nous pr\u00e9cisons que le traitement de ces donn\u00e9es sera conforme aux principes d&rsquo;exactitude, de l\u00e9galit\u00e9 et de transparence, ainsi qu&rsquo;\u00e0 la protection de [&hellip;]<\/p>\n","protected":false},"author":1,"featured_media":0,"parent":0,"menu_order":0,"comment_status":"closed","ping_status":"closed","template":"","meta":{"inline_featured_image":false,"footnotes":""},"class_list":["post-65726","page","type-page","status-publish","hentry"],"acf":[],"_links":{"self":[{"href":"https:\/\/lacividina.com\/fr\/wp-json\/wp\/v2\/pages\/65726","targetHints":{"allow":["GET"]}}],"collection":[{"href":"https:\/\/lacividina.com\/fr\/wp-json\/wp\/v2\/pages"}],"about":[{"href":"https:\/\/lacividina.com\/fr\/wp-json\/wp\/v2\/types\/page"}],"author":[{"embeddable":true,"href":"https:\/\/lacividina.com\/fr\/wp-json\/wp\/v2\/users\/1"}],"replies":[{"embeddable":true,"href":"https:\/\/lacividina.com\/fr\/wp-json\/wp\/v2\/comments?post=65726"}],"version-history":[{"count":9,"href":"https:\/\/lacividina.com\/fr\/wp-json\/wp\/v2\/pages\/65726\/revisions"}],"predecessor-version":[{"id":70051,"href":"https:\/\/lacividina.com\/fr\/wp-json\/wp\/v2\/pages\/65726\/revisions\/70051"}],"wp:attachment":[{"href":"https:\/\/lacividina.com\/fr\/wp-json\/wp\/v2\/media?parent=65726"}],"curies":[{"name":"wp","href":"https:\/\/api.w.org\/{rel}","templated":true}]}}