{"id":48602,"date":"2022-05-30T10:02:03","date_gmt":"2022-05-30T08:02:03","guid":{"rendered":"http:\/\/lacividina.com\/profile-2\/"},"modified":"2024-05-20T15:29:19","modified_gmt":"2024-05-20T13:29:19","slug":"profile","status":"publish","type":"page","link":"https:\/\/lacividina.com\/fr\/profile\/","title":{"rendered":"Profile"},"content":{"rendered":"\t\t<div data-elementor-type=\"wp-page\" data-elementor-id=\"48602\" class=\"elementor elementor-48602 elementor-48482\" data-elementor-post-type=\"page\">\n\t\t\t\t<div class=\"elementor-element elementor-element-7132f5c e-con-full e-flex e-con e-parent\" data-id=\"7132f5c\" data-element_type=\"container\" data-e-type=\"container\">\n\t\t\t\t<div class=\"elementor-element elementor-element-335bc96 elementor-widget elementor-widget-image\" data-id=\"335bc96\" data-element_type=\"widget\" data-e-type=\"widget\" data-widget_type=\"image.default\">\n\t\t\t\t<div class=\"elementor-widget-container\">\n\t\t\t\t\t\t\t\t\t\t\t\t\t\t\t<img fetchpriority=\"high\" decoding=\"async\" width=\"1680\" height=\"835\" src=\"https:\/\/lacividina.com\/wp-content\/uploads\/2024\/05\/img-profilo-lacividina.jpg\" class=\"attachment-full size-full wp-image-77195\" alt=\"\" srcset=\"https:\/\/lacividina.com\/wp-content\/uploads\/2024\/05\/img-profilo-lacividina.jpg 1680w, https:\/\/lacividina.com\/wp-content\/uploads\/2024\/05\/img-profilo-lacividina-300x149.jpg 300w, https:\/\/lacividina.com\/wp-content\/uploads\/2024\/05\/img-profilo-lacividina-1024x509.jpg 1024w, https:\/\/lacividina.com\/wp-content\/uploads\/2024\/05\/img-profilo-lacividina-768x382.jpg 768w, https:\/\/lacividina.com\/wp-content\/uploads\/2024\/05\/img-profilo-lacividina-1536x763.jpg 1536w, https:\/\/lacividina.com\/wp-content\/uploads\/2024\/05\/img-profilo-lacividina-600x298.jpg 600w\" sizes=\"(max-width: 1680px) 100vw, 1680px\" \/>\t\t\t\t\t\t\t\t\t\t\t\t\t\t\t<\/div>\n\t\t\t\t<\/div>\n\t\t\t\t<div class=\"elementor-element elementor-element-c2a5430 elementor-absolute elementor-hidden-tablet elementor-hidden-mobile elementor-widget elementor-widget-heading\" data-id=\"c2a5430\" data-element_type=\"widget\" data-e-type=\"widget\" data-settings=\"{&quot;_position&quot;:&quot;absolute&quot;}\" data-widget_type=\"heading.default\">\n\t\t\t\t<div class=\"elementor-widget-container\">\n\t\t\t\t\t<h1 class=\"elementor-heading-title elementor-size-default\">PROFILE<\/h1>\t\t\t\t<\/div>\n\t\t\t\t<\/div>\n\t\t\t\t<\/div>\n\t\t<div class=\"elementor-element elementor-element-0469ff6 e-con-full e-flex e-con e-parent\" data-id=\"0469ff6\" data-element_type=\"container\" data-e-type=\"container\">\n\t\t\t\t<div class=\"elementor-element elementor-element-c0e56b6 elementor-hidden-desktop elementor-widget elementor-widget-heading\" data-id=\"c0e56b6\" data-element_type=\"widget\" data-e-type=\"widget\" data-widget_type=\"heading.default\">\n\t\t\t\t<div class=\"elementor-widget-container\">\n\t\t\t\t\t<h1 class=\"elementor-heading-title elementor-size-default\">PROFILE<\/h1>\t\t\t\t<\/div>\n\t\t\t\t<\/div>\n\t\t\t\t<div class=\"elementor-element elementor-element-99b50cb elementor-widget__width-initial elementor-widget elementor-widget-heading\" data-id=\"99b50cb\" data-element_type=\"widget\" data-e-type=\"widget\" data-widget_type=\"heading.default\">\n\t\t\t\t<div class=\"elementor-widget-container\">\n\t\t\t\t\t<h2 class=\"elementor-heading-title elementor-size-default\">Savoir artisanal et culture du design, enracinement dans le territoire et vision internationale, esprit contemporain et qualit\u00e9 qui perdure dans le temps. Diff\u00e9rentes \u00e2mes cohabitent et r\u00e9sonnent dans les canap\u00e9s et fauteuils laCividina, cr\u00e9ant des exp\u00e9riences uniques. Parcourez le profil de l'entreprise pour les d\u00e9couvrir.\u200b<\/h2>\t\t\t\t<\/div>\n\t\t\t\t<\/div>\n\t\t\t\t<\/div>\n\t\t<div class=\"elementor-element elementor-element-67c9bf3 e-con-full e-flex e-con e-parent\" data-id=\"67c9bf3\" data-element_type=\"container\" data-e-type=\"container\">\n\t\t\t\t<div class=\"elementor-element elementor-element-8197d10 elementor-widget-tablet__width-initial elementor-widget-mobile__width-initial elementor-widget elementor-widget-html\" data-id=\"8197d10\" data-element_type=\"widget\" data-e-type=\"widget\" data-widget_type=\"html.default\">\n\t\t\t\t<div class=\"elementor-widget-container\">\n\t\t\t\t\t<iframe src=\"\/\/v.calameo.com\/?bkcode=007395990d869cc8ce76d&mode=mini\" width=\"480\" height=\"700\" frameborder=\"0\" scrolling=\"no\" allowtransparency allowfullscreen style=\"margin:0 auto;\"><\/iframe>\t\t\t\t<\/div>\n\t\t\t\t<\/div>\n\t\t\t\t<\/div>\n\t\t\t\t<\/div>\n\t\t","protected":false},"excerpt":{"rendered":"<p>PROFILE PROFILE Savoir artisanal et culture du design, enracinement dans le territoire et vision internationale, esprit contemporain et qualit\u00e9 qui perdure dans le temps. Diff\u00e9rentes \u00e2mes cohabitent et r\u00e9sonnent dans les canap\u00e9s et fauteuils laCividina, cr\u00e9ant des exp\u00e9riences uniques. Parcourez le profil de l&rsquo;entreprise pour les d\u00e9couvrir.\u200b<\/p>\n","protected":false},"author":1,"featured_media":0,"parent":0,"menu_order":0,"comment_status":"closed","ping_status":"closed","template":"","meta":{"inline_featured_image":false,"footnotes":""},"class_list":["post-48602","page","type-page","status-publish","hentry"],"acf":[],"_links":{"self":[{"href":"https:\/\/lacividina.com\/fr\/wp-json\/wp\/v2\/pages\/48602","targetHints":{"allow":["GET"]}}],"collection":[{"href":"https:\/\/lacividina.com\/fr\/wp-json\/wp\/v2\/pages"}],"about":[{"href":"https:\/\/lacividina.com\/fr\/wp-json\/wp\/v2\/types\/page"}],"author":[{"embeddable":true,"href":"https:\/\/lacividina.com\/fr\/wp-json\/wp\/v2\/users\/1"}],"replies":[{"embeddable":true,"href":"https:\/\/lacividina.com\/fr\/wp-json\/wp\/v2\/comments?post=48602"}],"version-history":[{"count":63,"href":"https:\/\/lacividina.com\/fr\/wp-json\/wp\/v2\/pages\/48602\/revisions"}],"predecessor-version":[{"id":77207,"href":"https:\/\/lacividina.com\/fr\/wp-json\/wp\/v2\/pages\/48602\/revisions\/77207"}],"wp:attachment":[{"href":"https:\/\/lacividina.com\/fr\/wp-json\/wp\/v2\/media?parent=48602"}],"curies":[{"name":"wp","href":"https:\/\/api.w.org\/{rel}","templated":true}]}}