{"id":48423,"date":"2022-05-13T12:23:06","date_gmt":"2022-05-13T10:23:06","guid":{"rendered":"http:\/\/lacividina.com\/cookie-policy\/"},"modified":"2022-11-10T10:45:23","modified_gmt":"2022-11-10T09:45:23","slug":"cookie-policy","status":"publish","type":"page","link":"https:\/\/lacividina.com\/fr\/cookie-policy\/","title":{"rendered":"Cookie policy"},"content":{"rendered":"\t\t<div data-elementor-type=\"wp-page\" data-elementor-id=\"48423\" class=\"elementor elementor-48423 elementor-32327\" data-elementor-post-type=\"page\">\n\t\t\t\t\t\t<section class=\"elementor-section elementor-top-section elementor-element elementor-element-39a54a5 elementor-section-full_width elementor-section-height-default elementor-section-height-default\" data-id=\"39a54a5\" data-element_type=\"section\" data-e-type=\"section\">\n\t\t\t\t\t\t<div class=\"elementor-container elementor-column-gap-default\">\n\t\t\t\t\t<div class=\"elementor-column elementor-col-100 elementor-top-column elementor-element elementor-element-1292c9f\" data-id=\"1292c9f\" data-element_type=\"column\" data-e-type=\"column\">\n\t\t\t<div class=\"elementor-widget-wrap elementor-element-populated\">\n\t\t\t\t\t\t<div class=\"elementor-element elementor-element-c0df67d elementor-widget__width-initial elementor-widget elementor-widget-heading\" data-id=\"c0df67d\" data-element_type=\"widget\" data-e-type=\"widget\" data-widget_type=\"heading.default\">\n\t\t\t\t<div class=\"elementor-widget-container\">\n\t\t\t\t\t<h4 class=\"elementor-heading-title elementor-size-default\">Azienda<\/h4>\t\t\t\t<\/div>\n\t\t\t\t<\/div>\n\t\t\t\t<div class=\"elementor-element elementor-element-bbfce4d elementor-widget elementor-widget-heading\" data-id=\"bbfce4d\" data-element_type=\"widget\" data-e-type=\"widget\" data-widget_type=\"heading.default\">\n\t\t\t\t<div class=\"elementor-widget-container\">\n\t\t\t\t\t<h3 class=\"elementor-heading-title elementor-size-default\">Cookie policy<\/h3>\t\t\t\t<\/div>\n\t\t\t\t<\/div>\n\t\t\t\t\t<\/div>\n\t\t<\/div>\n\t\t\t\t\t<\/div>\n\t\t<\/section>\n\t\t\t\t<section class=\"elementor-section elementor-top-section elementor-element elementor-element-0ace5d5 elementor-section-full_width elementor-section-height-default elementor-section-height-default\" data-id=\"0ace5d5\" data-element_type=\"section\" data-e-type=\"section\">\n\t\t\t\t\t\t<div class=\"elementor-container elementor-column-gap-default\">\n\t\t\t\t\t<div class=\"elementor-column elementor-col-100 elementor-top-column elementor-element elementor-element-34d7de4\" data-id=\"34d7de4\" data-element_type=\"column\" data-e-type=\"column\">\n\t\t\t<div class=\"elementor-widget-wrap elementor-element-populated\">\n\t\t\t\t\t\t<div class=\"elementor-element elementor-element-204f423 elementor-widget elementor-widget-text-editor\" data-id=\"204f423\" data-element_type=\"widget\" data-e-type=\"widget\" data-widget_type=\"text-editor.default\">\n\t\t\t\t<div class=\"elementor-widget-container\">\n\t\t\t\t\t\t\t\t\t<p><b>POLITIQUE EN MATI\u00c8RE DE COOKIES<\/b><\/p><p><b>Avant-propos<\/b><\/p><p>Conform\u00e9ment aux dispositions de la l\u00e9gislation en vigueur en mati\u00e8re de protection des donn\u00e9es personnelles, par le biais de cette politique, La Cividina s.r.l., en sa qualit\u00e9 de responsable du traitement des donn\u00e9es, entend fournir aux utilisateurs toutes les informations les plus utiles concernant les cookies utilis\u00e9s par https:\/\/lacividina.com.<br \/>La pr\u00e9sente politique, dont le champ de validit\u00e9 est limit\u00e9 au site web susmentionn\u00e9, fait partie int\u00e9grante de la politique de confidentialit\u00e9 correspondante, \u00e0 laquelle nous renvoyons pour de plus amples informations.<\/p><p><strong>Responsable du traitement des donn\u00e9es<\/strong><\/p><p>LA CIVIDINA S.R.L., en la personne de son repr\u00e9sentant l\u00e9gal, dont le si\u00e8ge social est \u00e0 Martignacco Via Cividina 176 &#8211; Udine &#8211; Italie T. + 39 0432 677433 F. + 39 0432 677480 &#8211; info@lacividina.com<\/p><p>*****<\/p><p>Les cookies sont de petits fichiers texte que les sites visit\u00e9s envoient au terminal de l&rsquo;utilisateur (ordinateur de bureau, tablette, smartphone, ordinateur portable), o\u00f9 ils sont stock\u00e9s puis retransmis aux m\u00eames sites lors de la prochaine visite. Ils sont utilis\u00e9s pour effectuer l&rsquo;authentification de l&rsquo;ordinateur, surveiller les sessions et stocker des informations sur les sites (sans l&rsquo;utilisation de cookies \u00ab\u00a0techniques\u00a0\u00bb, certaines op\u00e9rations seraient tr\u00e8s complexes ou impossibles \u00e0 effectuer). Au cours de la navigation sur un site, l&rsquo;utilisateur peut \u00e9galement recevoir sur son terminal des cookies envoy\u00e9s par diff\u00e9rents sites ou serveurs web (dits \u00ab\u00a0tiers\u00a0\u00bb), sur lesquels peuvent r\u00e9sider certains \u00e9l\u00e9ments (tels que, par exemple, des images, des cartes, des sons, des liens sp\u00e9cifiques vers des pages d&rsquo;autres domaines) pr\u00e9sents sur le site qu&rsquo;il visite.<\/p><p>Les cookies que nous utilisons sont r\u00e9partis dans les cat\u00e9gories suivantes :<\/p><p><b>Cookies techniques<\/b><\/p><p>Les cookies techniques permettent une utilisation ais\u00e9e du site et une r\u00e9cup\u00e9ration plus facile des informations, en simplifiant la connexion et la transmission des donn\u00e9es entre l&rsquo;utilisateur et le site ; en particulier, nous utilisons des cookies de navigation ou de session, temporaires et permanents : ils assurent une navigation et une utilisation normales du site web en permettant, par exemple, de sauvegarder des informations inh\u00e9rentes \u00e0 la navigation, de stocker des donn\u00e9es pour maintenir la session de navigation active et\/ou de sauvegarder des informations inh\u00e9rentes aux param\u00e8tres d&rsquo;activation\/d\u00e9sactivation du \u00a0\u00bb plein \u00e9cran \u00a0\u00bb lors de la navigation sur le site.<\/p><p>L&rsquo;installation de ces cookies, qui sont automatiquement supprim\u00e9s lorsque vous fermez votre navigateur ou ex\u00e9cutez la commande de d\u00e9connexion, ne n\u00e9cessite pas votre consentement pr\u00e9alable.<br \/>Nous vous informons \u00e9galement que, \u00e0 tout moment, vous pouvez autoriser, limiter ou bloquer les cookies \u00e0 travers les param\u00e8tres de votre navigateur, cependant, si vous configurez votre appareil pour refuser ces cookies, certains services du site peuvent ne pas s&rsquo;afficher correctement ou ne pas fonctionner de mani\u00e8re optimale, en particulier, les op\u00e9rations d&rsquo;identification de l&rsquo;utilisateur et de maintien de son identification au sein de la session peuvent \u00eatre plus complexes \u00e0 r\u00e9aliser et moins s\u00fbres en l&rsquo;absence de cookies techniques.<\/p><p><b>Cookies de tiers<\/b><\/p><p>Les cookies tiers sont g\u00e9r\u00e9s par un site web autre que celui que l&rsquo;utilisateur visite. En effet, sur chaque site, il peut y avoir des \u00e9l\u00e9ments (images, cartes, sons, liens sp\u00e9cifiques vers des pages web d&rsquo;autres domaines, etc.) qui r\u00e9sident sur des serveurs autres que celui du site que vous visitez.<br \/>Nous utilisons des cookies Analytics sur notre site web (comme indiqu\u00e9 ci-dessous) ; nous pouvons \u00e9galement recevoir des cookies g\u00e9r\u00e9s par des sites d&rsquo;autres organisations visant \u00e0 la pr\u00e9sence de parties de la page visit\u00e9e g\u00e9n\u00e9r\u00e9es directement par lesdits sites, int\u00e9gr\u00e9s \u00e0 notre site web et montrant des contenus provenant de r\u00e9seaux sociaux (Twitter, Youtube, Facebook, Instagram, Pinterest, Houzz), \u00e0 partager ou relatifs \u00e0 l&rsquo;utilisation de services fournis par les tiers indiqu\u00e9s ; il est \u00e9galement possible que lesdits tiers utilisent ces cookies \u00e0 des fins de profilage.<br \/>Ce sont des cookies persistants, car ils restent actifs jusqu&rsquo;\u00e0 leur date d&rsquo;expiration (leur dur\u00e9e varie selon le type de cookie) ou leur suppression par l&rsquo;utilisateur.<br \/>\u00c0 tout moment, vous pouvez autoriser, limiter ou bloquer ces cookies via les param\u00e8tres de votre navigateur.<\/p><p><b>Cookies d&rsquo;analyse<\/b><\/p><p>Nous utilisons des cookies analytiques g\u00e9r\u00e9s par des tiers le site utilise Matomo, un logiciel d&rsquo;analyse web qui assure une compatibilit\u00e9 totale avec les lois europ\u00e9ennes sur la protection des donn\u00e9es afin de collecter des informations sur l&rsquo;utilisation de notre site. Ces cookies sont trait\u00e9s sous forme agr\u00e9g\u00e9e pour surveiller les zones du site les plus visit\u00e9es, pour am\u00e9liorer le contenu du site, pour faciliter l&rsquo;exp\u00e9rience de l&rsquo;utilisateur et pour surveiller le bon fonctionnement du site. Nous utilisons des cookies analytiques sur notre site web pour stocker des informations, sous une forme anonyme, afin de compiler des rapports sur la navigation du site. Il convient toutefois de noter que les informations ne sont collect\u00e9es que sous forme agr\u00e9g\u00e9e et que l&rsquo;adresse IP de navigation de l&rsquo;utilisateur n&rsquo;y est pas associ\u00e9e. Des outils ont \u00e9t\u00e9 adopt\u00e9s pour limiter l&rsquo;identifiabilit\u00e9 en masquant des parties importantes de l&rsquo;IP.<br \/>\u00c0 la seule exception des cookies techniques et analytiques anonymis\u00e9s, tous les autres cookies ne sont install\u00e9s qu&rsquo;avec le consentement de l&rsquo;utilisateur. En l&rsquo;absence de consentement sp\u00e9cifique, seuls les cookies n\u00e9cessaires seront op\u00e9rationnels.<\/p><p>Information et consentement des tiers<\/p><p>Nous tenons \u00e0 vous informer que vous pouvez obtenir des informations sur les cookies de tiers \u00e0 tout moment et que vous pouvez autoriser, restreindre ou bloquer ces cookies en consultant les informations et en utilisant le formulaire de consentement pertinent, le cas \u00e9ch\u00e9ant, fourni par les tiers \u00e9num\u00e9r\u00e9s ci-dessous :<\/p><ul><li>Google Analytics<\/li><li>Facebook<\/li><li>Linkedin<\/li><li>Twitter<\/li><li>Instagram<\/li><li>Pinterest<\/li><li>Houzz<\/li><li>Youtube<\/li><\/ul><p>\u00a0<\/p><p><b>Cookies et param\u00e8tres du navigateur<br \/><\/b> Nous tenons \u00e0 vous informer que vous pouvez autoriser, limiter ou bloquer les cookies par le biais des param\u00e8tres de votre navigateur, cependant, si vous configurez votre appareil pour qu&rsquo;il rejette les cookies techniques, certains services du site peuvent ne pas s&rsquo;afficher correctement ou fonctionner de mani\u00e8re non optimale.<br \/>Dans cette section, vous trouverez des informations sur la mani\u00e8re de d\u00e9sactiver les cookies sur votre navigateur. Si votre navigateur ne figure pas dans la liste ci-dessous, veuillez consulter les instructions de votre navigateur concernant la gestion des cookies.<\/p><p><b>Internet Explorer version 6 ou sup\u00e9rieure<br \/><\/b>S\u00e9lectionnez \u00a0\u00bb Outils \u00a0\u00bb dans la barre de votre navigateur<br \/>S\u00e9lectionnez \u00a0\u00bb Options Internet \u00ab\u00a0.<br \/>S\u00e9lectionnez l&rsquo;\u00e9l\u00e9ment \u00a0\u00bb Privacy \u00a0\u00bb et cliquez ensuite sur \u00a0\u00bb Advanced \u00ab\u00a0.<br \/>S\u00e9lectionnez \u00a0\u00bb Remplacer la gestion automatique des cookies \u00ab\u00a0.<br \/>D\u00e9sactiver \u00a0\u00bb Afficher les cookies du site \u00a0\u00bb en s\u00e9lectionnant \u00a0\u00bb Bloquer \u00ab\u00a0.<br \/>D\u00e9sactivez les \u00a0\u00bb cookies tiers \u00a0\u00bb en s\u00e9lectionnant \u00a0\u00bb Bloquer \u00ab\u00a0.<br \/>D\u00e9sactivez les \u00a0\u00bb cookies de session \u00a0\u00bb en d\u00e9s\u00e9lectionnant \u00a0\u00bb Toujours accepter les cookies de session \u00ab\u00a0.<br \/>Cliquez sur \u00a0\u00bb OK \u00ab\u00a0.<\/p><p><b>Firefox version 9 ou sup\u00e9rieure<br \/><\/b>S\u00e9lectionnez \u00a0\u00bb Outils \u00a0\u00bb dans la barre de votre navigateur<br \/>S\u00e9lectionnez \u00a0\u00bb Options \u00ab\u00a0.<br \/>S\u00e9lectionnez l&rsquo;\u00e9l\u00e9ment \u00a0\u00bb Privacy \u00ab\u00a0.<br \/>Dans la zone \u00a0\u00bb Historique \u00ab\u00a0, choisissez dans le menu d\u00e9roulant l&rsquo;option \u00a0\u00bb utiliser les param\u00e8tres personnalis\u00e9s \u00ab\u00a0.<br \/>D\u00e9sactivez les cookies en d\u00e9s\u00e9lectionnant \u00a0\u00bb Accepter les cookies des sites \u00ab\u00a0.<br \/>Cliquez sur \u00a0\u00bb OK \u00ab\u00a0.<\/p><p><b>Google Chrome version 24 ou sup\u00e9rieure<br \/><\/b>S\u00e9lectionnez \u00a0\u00bb Chrome menu \u00a0\u00bb dans la barre de votre navigateur<br \/>S\u00e9lectionnez \u00a0\u00bb param\u00e8tres \u00ab\u00a0.<br \/>S\u00e9lectionnez \u00a0\u00bb Afficher les param\u00e8tres avanc\u00e9s \u00ab\u00a0.<br \/>Dans la section \u00a0\u00bb Vie priv\u00e9e \u00ab\u00a0, cliquez sur \u00a0\u00bb Param\u00e8tres de contenu \u00ab\u00a0.<br \/>D\u00e9sactivez tous les cookies en s\u00e9lectionnant \u00a0\u00bb Emp\u00eacher les sites de d\u00e9finir des donn\u00e9es \u00a0\u00bb et \u00a0\u00bb Bloquer les cookies et les donn\u00e9es de sites tiers \u00ab\u00a0.<br \/>Cliquez sur \u00a0\u00bb OK \u00ab\u00a0.<\/p>\t\t\t\t\t\t\t\t<\/div>\n\t\t\t\t<\/div>\n\t\t\t\t\t<\/div>\n\t\t<\/div>\n\t\t\t\t\t<\/div>\n\t\t<\/section>\n\t\t\t\t<\/div>\n\t\t","protected":false},"excerpt":{"rendered":"<p>Azienda Cookie policy POLITIQUE EN MATI\u00c8RE DE COOKIES Avant-propos Conform\u00e9ment aux dispositions de la l\u00e9gislation en vigueur en mati\u00e8re de protection des donn\u00e9es personnelles, par le biais de cette politique, La Cividina s.r.l., en sa qualit\u00e9 de responsable du traitement des donn\u00e9es, entend fournir aux utilisateurs toutes les informations les plus utiles concernant les cookies [&hellip;]<\/p>\n","protected":false},"author":1,"featured_media":0,"parent":0,"menu_order":0,"comment_status":"closed","ping_status":"closed","template":"","meta":{"inline_featured_image":false,"footnotes":""},"class_list":["post-48423","page","type-page","status-publish","hentry"],"acf":[],"_links":{"self":[{"href":"https:\/\/lacividina.com\/fr\/wp-json\/wp\/v2\/pages\/48423","targetHints":{"allow":["GET"]}}],"collection":[{"href":"https:\/\/lacividina.com\/fr\/wp-json\/wp\/v2\/pages"}],"about":[{"href":"https:\/\/lacividina.com\/fr\/wp-json\/wp\/v2\/types\/page"}],"author":[{"embeddable":true,"href":"https:\/\/lacividina.com\/fr\/wp-json\/wp\/v2\/users\/1"}],"replies":[{"embeddable":true,"href":"https:\/\/lacividina.com\/fr\/wp-json\/wp\/v2\/comments?post=48423"}],"version-history":[{"count":18,"href":"https:\/\/lacividina.com\/fr\/wp-json\/wp\/v2\/pages\/48423\/revisions"}],"predecessor-version":[{"id":65951,"href":"https:\/\/lacividina.com\/fr\/wp-json\/wp\/v2\/pages\/48423\/revisions\/65951"}],"wp:attachment":[{"href":"https:\/\/lacividina.com\/fr\/wp-json\/wp\/v2\/media?parent=48423"}],"curies":[{"name":"wp","href":"https:\/\/api.w.org\/{rel}","templated":true}]}}