{"id":102126,"date":"2025-05-19T09:59:45","date_gmt":"2025-05-19T07:59:45","guid":{"rendered":"https:\/\/lacividina.com\/?page_id=102126"},"modified":"2025-05-21T11:35:15","modified_gmt":"2025-05-21T09:35:15","slug":"contributi","status":"publish","type":"page","link":"https:\/\/lacividina.com\/en\/contributi\/","title":{"rendered":"Contributi"},"content":{"rendered":"\t\t<div data-elementor-type=\"wp-page\" data-elementor-id=\"102126\" class=\"elementor elementor-102126 elementor-101812\" data-elementor-post-type=\"page\">\n\t\t\t\t<div class=\"elementor-element elementor-element-120656b e-con-full e-flex e-con e-parent\" data-id=\"120656b\" data-element_type=\"container\" data-e-type=\"container\">\n\t\t\t\t<div class=\"elementor-element elementor-element-726f859 elementor-widget elementor-widget-image\" data-id=\"726f859\" data-element_type=\"widget\" data-e-type=\"widget\" data-widget_type=\"image.default\">\n\t\t\t\t<div class=\"elementor-widget-container\">\n\t\t\t\t\t\t\t\t\t\t\t\t\t\t\t<img fetchpriority=\"high\" decoding=\"async\" width=\"1680\" height=\"835\" src=\"https:\/\/lacividina.com\/wp-content\/uploads\/2025\/05\/img-lacividina-contributi.jpg\" class=\"attachment-full size-full wp-image-102116\" alt=\"\" srcset=\"https:\/\/lacividina.com\/wp-content\/uploads\/2025\/05\/img-lacividina-contributi.jpg 1680w, https:\/\/lacividina.com\/wp-content\/uploads\/2025\/05\/img-lacividina-contributi-300x149.jpg 300w, https:\/\/lacividina.com\/wp-content\/uploads\/2025\/05\/img-lacividina-contributi-1024x509.jpg 1024w, https:\/\/lacividina.com\/wp-content\/uploads\/2025\/05\/img-lacividina-contributi-768x382.jpg 768w, https:\/\/lacividina.com\/wp-content\/uploads\/2025\/05\/img-lacividina-contributi-1536x763.jpg 1536w, https:\/\/lacividina.com\/wp-content\/uploads\/2025\/05\/img-lacividina-contributi-600x298.jpg 600w\" sizes=\"(max-width: 1680px) 100vw, 1680px\" \/>\t\t\t\t\t\t\t\t\t\t\t\t\t\t\t<\/div>\n\t\t\t\t<\/div>\n\t\t\t\t<div class=\"elementor-element elementor-element-28279c9 elementor-absolute elementor-hidden-tablet elementor-hidden-mobile elementor-widget elementor-widget-heading\" data-id=\"28279c9\" data-element_type=\"widget\" data-e-type=\"widget\" data-settings=\"{&quot;_position&quot;:&quot;absolute&quot;}\" data-widget_type=\"heading.default\">\n\t\t\t\t<div class=\"elementor-widget-container\">\n\t\t\t\t\t<h1 class=\"elementor-heading-title elementor-size-default\">Contributi<\/h1>\t\t\t\t<\/div>\n\t\t\t\t<\/div>\n\t\t\t\t<\/div>\n\t\t<div class=\"elementor-element elementor-element-2656ecc e-con-full e-flex e-con e-parent\" data-id=\"2656ecc\" data-element_type=\"container\" data-e-type=\"container\">\n\t\t\t\t<\/div>\n\t\t<div class=\"elementor-element elementor-element-b599eb2 e-con-full e-flex e-con e-parent\" data-id=\"b599eb2\" data-element_type=\"container\" data-e-type=\"container\">\n\t\t\t\t<div class=\"elementor-element elementor-element-34ab590 elementor-widget elementor-widget-heading\" data-id=\"34ab590\" data-element_type=\"widget\" data-e-type=\"widget\" data-widget_type=\"heading.default\">\n\t\t\t\t<div class=\"elementor-widget-container\">\n\t\t\t\t\t<h2 class=\"elementor-heading-title elementor-size-default\">SERVIZIO INNOVATIVO BASATO SULLA REALT\u00c0 AUMENTATA NEL SETTORE\nDELL'ARREDO TOP DI GAMMA<\/h2>\t\t\t\t<\/div>\n\t\t\t\t<\/div>\n\t\t\t\t<div class=\"elementor-element elementor-element-5e95999 elementor-widget elementor-widget-text-editor\" data-id=\"5e95999\" data-element_type=\"widget\" data-e-type=\"widget\" data-widget_type=\"text-editor.default\">\n\t\t\t\t<div class=\"elementor-widget-container\">\n\t\t\t\t\t\t\t\t\t<p>LA CIVIDINA SRL ha avviato un progetto per fornire una user experience interattiva durante la navigazione sul proprio sito. Sar\u00e0 infatti possibile progettare soluzioni di arredo direttamente sul sito, tramite modelli 3D e realt\u00e0 aumentata.<\/p>\t\t\t\t\t\t\t\t<\/div>\n\t\t\t\t<\/div>\n\t\t\t\t<div class=\"elementor-element elementor-element-bf47a94 elementor-widget elementor-widget-image\" data-id=\"bf47a94\" data-element_type=\"widget\" data-e-type=\"widget\" data-widget_type=\"image.default\">\n\t\t\t\t<div class=\"elementor-widget-container\">\n\t\t\t\t\t\t\t\t\t\t\t\t\t\t\t<img decoding=\"async\" width=\"600\" height=\"65\" src=\"https:\/\/lacividina.com\/wp-content\/uploads\/2025\/05\/img-coesione-italia-unione-europea-regione-fvg.jpg\" class=\"attachment-full size-full wp-image-101819\" alt=\"\" srcset=\"https:\/\/lacividina.com\/wp-content\/uploads\/2025\/05\/img-coesione-italia-unione-europea-regione-fvg.jpg 600w, https:\/\/lacividina.com\/wp-content\/uploads\/2025\/05\/img-coesione-italia-unione-europea-regione-fvg-300x33.jpg 300w\" sizes=\"(max-width: 600px) 100vw, 600px\" \/>\t\t\t\t\t\t\t\t\t\t\t\t\t\t\t<\/div>\n\t\t\t\t<\/div>\n\t\t\t\t<div class=\"elementor-element elementor-element-4ed2c4c elementor-widget elementor-widget-button\" data-id=\"4ed2c4c\" data-element_type=\"widget\" data-e-type=\"widget\" data-widget_type=\"button.default\">\n\t\t\t\t<div class=\"elementor-widget-container\">\n\t\t\t\t\t\t\t\t\t<div class=\"elementor-button-wrapper\">\n\t\t\t\t\t<a class=\"elementor-button elementor-button-link elementor-size-sm\" href=\"\/wp-content\/uploads\/2025\/05\/lc-contributi-realta-aumentata.pdf\" target=\"_blank\">\n\t\t\t\t\t\t<span class=\"elementor-button-content-wrapper\">\n\t\t\t\t\t\t\t\t\t<span class=\"elementor-button-text\">Leggi di pi\u00f9<\/span>\n\t\t\t\t\t<\/span>\n\t\t\t\t\t<\/a>\n\t\t\t\t<\/div>\n\t\t\t\t\t\t\t\t<\/div>\n\t\t\t\t<\/div>\n\t\t\t\t<\/div>\n\t\t<div class=\"elementor-element elementor-element-83dff98 e-con-full e-flex e-con e-parent\" data-id=\"83dff98\" data-element_type=\"container\" data-e-type=\"container\">\n\t\t\t\t<div class=\"elementor-element elementor-element-ec70471 elementor-widget elementor-widget-heading\" data-id=\"ec70471\" data-element_type=\"widget\" data-e-type=\"widget\" data-widget_type=\"heading.default\">\n\t\t\t\t<div class=\"elementor-widget-container\">\n\t\t\t\t\t<h2 class=\"elementor-heading-title elementor-size-default\">CONSOLIDAMENTO E AMPLIAMENTO DELLA PRESENZA INTERNAZIONALE DE LA\nCIVIDINA<\/h2>\t\t\t\t<\/div>\n\t\t\t\t<\/div>\n\t\t\t\t<div class=\"elementor-element elementor-element-6c32980 elementor-widget elementor-widget-text-editor\" data-id=\"6c32980\" data-element_type=\"widget\" data-e-type=\"widget\" data-widget_type=\"text-editor.default\">\n\t\t\t\t<div class=\"elementor-widget-container\">\n\t\t\t\t\t\t\t\t\t<p>LA CIVIDINA SRL ha avviato un programma pluriennale di promozione all&#8217;estero, per consolidare la presenza\u00a0dell&#8217;impresa nei mercati gi\u00e0 presidiati e nei quali \u00e8 presente da maggior tempo, con particolare riferimento\u00a0al mercato europeo (Regno Unito, Germania, Olanda, Svezia e Francia). La Cividina ha inoltre puntato all\u2019ampliamento dei propri mercati di sbocco, con particolare riferimento al mercato cinese.<\/p>\t\t\t\t\t\t\t\t<\/div>\n\t\t\t\t<\/div>\n\t\t\t\t<div class=\"elementor-element elementor-element-9af2423 elementor-widget elementor-widget-image\" data-id=\"9af2423\" data-element_type=\"widget\" data-e-type=\"widget\" data-widget_type=\"image.default\">\n\t\t\t\t<div class=\"elementor-widget-container\">\n\t\t\t\t\t\t\t\t\t\t\t\t\t\t\t<img decoding=\"async\" width=\"146\" height=\"65\" src=\"https:\/\/lacividina.com\/wp-content\/uploads\/2025\/05\/img-regione-fvg.jpg\" class=\"attachment-full size-full wp-image-101846\" alt=\"\" \/>\t\t\t\t\t\t\t\t\t\t\t\t\t\t\t<\/div>\n\t\t\t\t<\/div>\n\t\t\t\t<div class=\"elementor-element elementor-element-cf17b87 elementor-widget elementor-widget-button\" data-id=\"cf17b87\" data-element_type=\"widget\" data-e-type=\"widget\" data-widget_type=\"button.default\">\n\t\t\t\t<div class=\"elementor-widget-container\">\n\t\t\t\t\t\t\t\t\t<div class=\"elementor-button-wrapper\">\n\t\t\t\t\t<a class=\"elementor-button elementor-button-link elementor-size-sm\" href=\"\/wp-content\/uploads\/2025\/05\/lc-contributi-presenza-internazionale.pdf\" target=\"_blank\">\n\t\t\t\t\t\t<span class=\"elementor-button-content-wrapper\">\n\t\t\t\t\t\t\t\t\t<span class=\"elementor-button-text\">Leggi di pi\u00f9<\/span>\n\t\t\t\t\t<\/span>\n\t\t\t\t\t<\/a>\n\t\t\t\t<\/div>\n\t\t\t\t\t\t\t\t<\/div>\n\t\t\t\t<\/div>\n\t\t\t\t<\/div>\n\t\t\t\t<\/div>\n\t\t","protected":false},"excerpt":{"rendered":"<p>Contributi SERVIZIO INNOVATIVO BASATO SULLA REALT\u00c0 AUMENTATA NEL SETTORE DELL&#8217;ARREDO TOP DI GAMMA LA CIVIDINA SRL ha avviato un progetto per fornire una user experience interattiva durante la navigazione sul proprio sito. Sar\u00e0 infatti possibile progettare soluzioni di arredo direttamente sul sito, tramite modelli 3D e realt\u00e0 aumentata. Leggi di pi\u00f9 CONSOLIDAMENTO E AMPLIAMENTO DELLA [&hellip;]<\/p>\n","protected":false},"author":1,"featured_media":0,"parent":0,"menu_order":0,"comment_status":"closed","ping_status":"closed","template":"","meta":{"inline_featured_image":false,"footnotes":""},"class_list":["post-102126","page","type-page","status-publish","hentry"],"acf":[],"_links":{"self":[{"href":"https:\/\/lacividina.com\/en\/wp-json\/wp\/v2\/pages\/102126","targetHints":{"allow":["GET"]}}],"collection":[{"href":"https:\/\/lacividina.com\/en\/wp-json\/wp\/v2\/pages"}],"about":[{"href":"https:\/\/lacividina.com\/en\/wp-json\/wp\/v2\/types\/page"}],"author":[{"embeddable":true,"href":"https:\/\/lacividina.com\/en\/wp-json\/wp\/v2\/users\/1"}],"replies":[{"embeddable":true,"href":"https:\/\/lacividina.com\/en\/wp-json\/wp\/v2\/comments?post=102126"}],"version-history":[{"count":3,"href":"https:\/\/lacividina.com\/en\/wp-json\/wp\/v2\/pages\/102126\/revisions"}],"predecessor-version":[{"id":102129,"href":"https:\/\/lacividina.com\/en\/wp-json\/wp\/v2\/pages\/102126\/revisions\/102129"}],"wp:attachment":[{"href":"https:\/\/lacividina.com\/en\/wp-json\/wp\/v2\/media?parent=102126"}],"curies":[{"name":"wp","href":"https:\/\/api.w.org\/{rel}","templated":true}]}}